{"id":68,"date":"2016-03-28T11:21:03","date_gmt":"2016-03-28T11:21:03","guid":{"rendered":"http:\/\/bridge17.qodeinteractive.com\/?page_id=68"},"modified":"2023-04-14T15:41:33","modified_gmt":"2023-04-14T12:41:33","slug":"contact","status":"publish","type":"page","link":"http:\/\/kaftanorganizasyon.com\/?page_id=68","title":{"rendered":"\u0130leti\u015fim"},"content":{"rendered":"<p>[vc_row row_type=&#8221;row&#8221; use_row_as_full_screen_section=&#8221;no&#8221; type=&#8221;grid&#8221; angled_section=&#8221;no&#8221; text_align=&#8221;center&#8221; background_image_as_pattern=&#8221;without_pattern&#8221; css_animation=&#8221;&#8221; css=&#8221;.vc_custom_1510996820524{padding-top: 73px !important;padding-bottom: 40px !important;}&#8221;][vc_column width=&#8221;2\/3&#8243; offset=&#8221;vc_col-lg-offset-4 vc_col-lg-4 vc_col-md-offset-3 vc_col-md-6 vc_col-sm-offset-2 vc_col-xs-12&#8243;][vc_column_text]<\/p>\n<h2>\u0130LET\u0130\u015e\u0130M B\u0130LG\u0130LER\u0130M\u0130Z<\/h2>\n<p>[\/vc_column_text][vc_separator type=&#8221;small&#8221; position=&#8221;center&#8221;][vc_column_text]<\/p>\n<h4>G\u00f6kt\u00fcrk Merkez Mah. Tan Sk. Mesa Kemerburgaz Sitesi B11 Blok No2B11 \u0130\u00e7 Kap\u0131 No:2<\/h4>\n<h4>Ey\u00fcpsultan\/\u0130stanbul<\/h4>\n<h4><a href=\"mailto:info@kaftanorganizsyanyon.com\">info@kaftanorganizasyon.com<\/a><\/h4>\n<h4>T +90 533 410 60 66<\/h4>\n<h4>T +90\u00a0532 343 28 23<\/h4>\n<p>[\/vc_column_text][vc_separator type=&#8221;transparent&#8221; thickness=&#8221;0&#8243; up=&#8221;52&#8243; down=&#8221;0&#8243;][\/vc_column][\/vc_row][vc_row row_type=&#8221;row&#8221; use_row_as_full_screen_section=&#8221;no&#8221; type=&#8221;full_width&#8221; angled_section=&#8221;no&#8221; text_align=&#8221;left&#8221; background_image_as_pattern=&#8221;without_pattern&#8221; css_animation=&#8221;&#8221;][vc_column]<div class='google_map_shortcode_holder' style='height:600px;'><div class='qode_google_map' style='height:600px;' id='map_canvas_1122' data-addresses='[\"G\u00f6kt\u00fcrk Merkez Mah. Tan Sk. Mesa Kemerburgaz Sitesi\"]' data-custom-map-style='true' data-color-overlay='#393939' data-saturation='-100' data-lightness='0' data-zoom='17' data-pin='http:\/\/kaftanorganizasyon.com\/wp-content\/uploads\/2016\/03\/pin.png' data-unique-id='1122' data-google-maps-scroll-wheel='false' data-map-height='600'><\/div><div class='google_map_shortcode_overlay'><\/div><\/div>[\/vc_column][\/vc_row]<\/p>\n","protected":false},"excerpt":{"rendered":"<p>[vc_row row_type=&#8221;row&#8221; use_row_as_full_screen_section=&#8221;no&#8221; type=&#8221;grid&#8221; angled_section=&#8221;no&#8221; text_align=&#8221;center&#8221; background_image_as_pattern=&#8221;without_pattern&#8221; css_animation=&#8221;&#8221; css=&#8221;.vc_custom_1510996820524{padding-top: 73px !important;padding-bottom: 40px !important;}&#8221;][vc_column width=&#8221;2\/3&#8243; offset=&#8221;vc_col-lg-offset-4 vc_col-lg-4 vc_col-md-offset-3 vc_col-md-6 vc_col-sm-offset-2 vc_col-xs-12&#8243;][vc_column_text] \u0130LET\u0130\u015e\u0130M B\u0130LG\u0130LER\u0130M\u0130Z [\/vc_column_text][vc_separator type=&#8221;small&#8221; position=&#8221;center&#8221;][vc_column_text] G\u00f6kt\u00fcrk Merkez Mah. Tan Sk. Mesa Kemerburgaz Sitesi B11 Blok No2B11 \u0130\u00e7 Kap\u0131 No:2 Ey\u00fcpsultan\/\u0130stanbul info@kaftanorganizasyon.com T +90 533 410&#8230;<\/p>\n","protected":false},"author":1,"featured_media":0,"parent":0,"menu_order":0,"comment_status":"closed","ping_status":"closed","template":"full_width.php","meta":[],"_links":{"self":[{"href":"http:\/\/kaftanorganizasyon.com\/index.php?rest_route=\/wp\/v2\/pages\/68"}],"collection":[{"href":"http:\/\/kaftanorganizasyon.com\/index.php?rest_route=\/wp\/v2\/pages"}],"about":[{"href":"http:\/\/kaftanorganizasyon.com\/index.php?rest_route=\/wp\/v2\/types\/page"}],"author":[{"embeddable":true,"href":"http:\/\/kaftanorganizasyon.com\/index.php?rest_route=\/wp\/v2\/users\/1"}],"replies":[{"embeddable":true,"href":"http:\/\/kaftanorganizasyon.com\/index.php?rest_route=%2Fwp%2Fv2%2Fcomments&post=68"}],"version-history":[{"count":21,"href":"http:\/\/kaftanorganizasyon.com\/index.php?rest_route=\/wp\/v2\/pages\/68\/revisions"}],"predecessor-version":[{"id":786,"href":"http:\/\/kaftanorganizasyon.com\/index.php?rest_route=\/wp\/v2\/pages\/68\/revisions\/786"}],"wp:attachment":[{"href":"http:\/\/kaftanorganizasyon.com\/index.php?rest_route=%2Fwp%2Fv2%2Fmedia&parent=68"}],"curies":[{"name":"wp","href":"https:\/\/api.w.org\/{rel}","templated":true}]}}