{"id":305,"date":"2016-03-28T12:25:28","date_gmt":"2016-03-28T12:25:28","guid":{"rendered":"http:\/\/bridge17.qodeinteractive.com\/?page_id=305"},"modified":"2017-11-18T12:19:40","modified_gmt":"2017-11-18T09:19:40","slug":"about-us","status":"publish","type":"page","link":"http:\/\/kaftanorganizasyon.com\/?page_id=305","title":{"rendered":"Hakk\u0131m\u0131zda"},"content":{"rendered":"<p>[vc_row row_type=&#8221;row&#8221; use_row_as_full_screen_section=&#8221;no&#8221; type=&#8221;grid&#8221; angled_section=&#8221;no&#8221; text_align=&#8221;left&#8221; background_image_as_pattern=&#8221;without_pattern&#8221; padding_top=&#8221;73&#8243; padding_bottom=&#8221;40&#8243; css_animation=&#8221;&#8221;][vc_column offset=&#8221;vc_col-lg-12 vc_col-md-12&#8243; css=&#8221;.vc_custom_1499865737062{padding-right: 4% !important;}&#8221;][vc_column_text]2007 Y\u0131l\u0131nda Ba\u015flayan Ser\u00fcven[\/vc_column_text][vc_separator type=&#8221;transparent&#8221; thickness=&#8221;0&#8243; up=&#8221;0&#8243; down=&#8221;35&#8243;][vc_column_text]<\/p>\n<p style=\"text-align: justify;\">2007 y\u0131l\u0131ndan beri y\u00fcksek teknik bilgi ve tasar\u0131m yetene\u011fimizle m\u00fc\u015fterilerimizin hayallerini ger\u00e7ekle\u015ftiriyoruz. M\u00fc\u015fterilerimizin hayallerine ula\u015fmalar\u0131na yard\u0131m ederek biz de kendi hayallerimize ula\u015f\u0131yoruz.<\/p>\n<p style=\"text-align: justify;\">Kurucular\u0131m\u0131z Ebru Ba\u015f ve Nimet Aslan lisans e\u011fitimlerini Turizm \u0130\u015fletmecili\u011fi Otel Y\u00f6netimi konusunda alm\u0131\u015flar, y\u0131llarca uluslararas\u0131 zincir otellerde yurt i\u00e7i ve yurt d\u0131\u015f\u0131nda i\u015fin mutfa\u011f\u0131nda teknik tecr\u00fcbe kazanm\u0131\u015flard\u0131r. Edindikleri bu tecr\u00fcbe sayesinde m\u00fc\u015fterilere en uygun paketleri farkl\u0131 fiyat esneklikleri sa\u011flayarak profesyonel bir ekip ile sunmaktad\u0131rlar.<\/p>\n<p style=\"text-align: justify;\">Neleri hayalliyoruz; mekanlar\u0131 tasarl\u0131yor hayalinize uygun giydiriyoruz, vermek istedi\u011finiz mesaj\u0131 hayallemi\u015f konu\u015fmac\u0131lar \u00f6neriyoruz, hayallerinizle giydirilmi\u015f konseptler tasarl\u0131yoruz, hayalinizde gitmek istedi\u011finiz \u00fclkelere g\u00f6t\u00fcr\u00fcyoruz, hep yapmak istedi\u011finiz o hayalinizdeki aktiviteyi size uygun hale getiriyoruz, k\u0131sacas\u0131 sizinle birlikte hayallerimizi ger\u00e7e\u011fe d\u00f6n\u00fc\u015ft\u00fcr\u00fcyoruz.<\/p>\n<p>[\/vc_column_text][vc_separator type=&#8221;transparent&#8221; thickness=&#8221;0&#8243; up=&#8221;0&#8243; down=&#8221;42&#8243;][\/vc_column][\/vc_row][vc_row row_type=&#8221;parallax&#8221; parallax_content_width=&#8221;in_grid&#8221; text_align=&#8221;left&#8221; background_image=&#8221;309&#8243; full_screen_section_height=&#8221;no&#8221; css=&#8221;.vc_custom_1459168859937{padding-top: 100px !important;padding-bottom: 100px !important;}&#8221;][vc_column][vc_row_inner row_type=&#8221;row&#8221; type=&#8221;full_width&#8221; text_align=&#8221;left&#8221; css_animation=&#8221;&#8221; css=&#8221;.vc_custom_1459169857833{padding-top: 127px !important;padding-bottom: 82px !important;}&#8221;][vc_column_inner width=&#8221;1\/2&#8243; offset=&#8221;vc_col-lg-3 vc_col-md-3&#8243;]<div class=\"q_counter_holder  left\" style=\"\"><span class=\"counter  zero\" style=\"\">6333<\/span><span class=\"separator small\" style=\"background-color: rgba(255,255,255,0.2);\"><\/span><p class=\"counter_text\" style=\"\">Hayal Ger\u00e7ekle\u015ftirdik<\/p><\/div>[vc_separator type=&#8221;transparent&#8221; thickness=&#8221;0&#8243; up=&#8221;0&#8243; down=&#8221;45&#8243;][\/vc_column_inner][vc_column_inner width=&#8221;1\/2&#8243; offset=&#8221;vc_col-lg-3 vc_col-md-3&#8243;]<div class=\"q_counter_holder  left\" style=\"\"><span class=\"counter  zero\" style=\"\">12200<\/span><span class=\"separator small\" style=\"background-color: rgba(255,255,255,0.2);\"><\/span><p class=\"counter_text\" style=\"\">Yaka Kart\u0131 Bast\u0131k<\/p><\/div>[vc_separator type=&#8221;transparent&#8221; thickness=&#8221;0&#8243; up=&#8221;0&#8243; down=&#8221;45&#8243;][\/vc_column_inner][vc_column_inner width=&#8221;1\/2&#8243; offset=&#8221;vc_col-lg-3 vc_col-md-3&#8243;]<div class=\"q_counter_holder  left\" style=\"\"><span class=\"counter  zero\" style=\"\">1946200<\/span><span class=\"separator small\" style=\"background-color: rgba(255,255,255,0.2);\"><\/span><p class=\"counter_text\" style=\"\">\u00c7ay &amp; Kahve \u0130kram Ettik<\/p><\/div>[vc_separator type=&#8221;transparent&#8221; thickness=&#8221;0&#8243; up=&#8221;0&#8243; down=&#8221;45&#8243;][\/vc_column_inner][vc_column_inner width=&#8221;1\/2&#8243; offset=&#8221;vc_col-lg-3 vc_col-md-3&#8243;]<div class=\"q_counter_holder  left\" style=\"\"><span class=\"counter  zero\" style=\"\">2568952<\/span><span class=\"separator small\" style=\"background-color: rgba(255,255,255,0.2);\"><\/span><p class=\"counter_text\" style=\"\">Sayfa Sunum Haz\u0131rlad\u0131k<\/p><\/div>[vc_separator type=&#8221;transparent&#8221; thickness=&#8221;0&#8243; up=&#8221;0&#8243; down=&#8221;45&#8243;][\/vc_column_inner][\/vc_row_inner][\/vc_column][\/vc_row][vc_row row_type=&#8221;row&#8221; use_row_as_full_screen_section=&#8221;no&#8221; type=&#8221;grid&#8221; angled_section=&#8221;no&#8221; text_align=&#8221;left&#8221; background_image_as_pattern=&#8221;without_pattern&#8221; css_animation=&#8221;&#8221; css=&#8221;.vc_custom_1510996765753{padding-top: 73px !important;padding-bottom: 40px !important;}&#8221;][vc_column width=&#8221;1\/2&#8243; offset=&#8221;vc_col-lg-6 vc_col-md-6&#8243; css=&#8221;.vc_custom_1457622051161{padding-right: 4% !important;}&#8221;][vc_column_text]<\/p>\n<h2>Ebru Ba\u015f<\/h2>\n<p>[\/vc_column_text][vc_separator type=&#8221;small&#8221; position=&#8221;left&#8221;][vc_column_text]Uluda\u011f \u00dcniversitesi Turizm \u0130\u015fletmecili\u011fi Otel Y\u00f6netimi Lisans Diplomas\u0131<br \/>\nEbru BA\u015e, s\u0131ras\u0131yla \u00c7\u0131ra\u011fan, Conrad, Hilton ve Crowne Plaza \u0130stanbul otellerinde Resepsiyon, Rezervasyon ve Sat\u0131\u015f b\u00f6l\u00fcmlerindeki 4 y\u0131ll\u0131k tecr\u00fcbesinden sonra son olarak Crowne Plaza, IL-USA de 1,5 y\u0131l Sat\u0131\u015f M\u00fcd\u00fcr Yard\u0131mc\u0131l\u0131\u011f\u0131 yapm\u0131\u015ft\u0131r.<br \/>\n6 y\u0131ll\u0131k sat\u0131\u015f k\u00f6kenli otelcilik deneyiminden sonra, profesyonel olarak, Sat\u0131\u015f M\u00fcd\u00fcr\u00fc olarak Toplant\u0131 Organizasyon Y\u00f6netimi sekt\u00f6r\u00fcnde \u00e7al\u0131\u015fmaya ba\u015flam\u0131\u015f ve 8 y\u0131l\u0131n sonunda KAFTAN\u2019da Kurucu Ortak olarak g\u00f6reve ba\u015flam\u0131\u015ft\u0131r.<br \/>\n[\/vc_column_text][vc_separator type=&#8221;transparent&#8221; thickness=&#8221;0&#8243; up=&#8221;0&#8243; down=&#8221;42&#8243;][\/vc_column][vc_column width=&#8221;1\/2&#8243; offset=&#8221;vc_col-lg-6 vc_col-md-6&#8243;][vc_separator type=&#8221;transparent&#8221; thickness=&#8221;0&#8243; up=&#8221;0&#8243; down=&#8221;4&#8243;][vc_single_image image=&#8221;402&#8243; img_size=&#8221;full&#8221; qode_css_animation=&#8221;&#8221;][vc_separator type=&#8221;transparent&#8221; thickness=&#8221;0&#8243; up=&#8221;0&#8243; down=&#8221;28&#8243;][\/vc_column][\/vc_row][vc_row row_type=&#8221;row&#8221; use_row_as_full_screen_section=&#8221;no&#8221; type=&#8221;grid&#8221; angled_section=&#8221;no&#8221; text_align=&#8221;left&#8221; background_image_as_pattern=&#8221;without_pattern&#8221; css_animation=&#8221;&#8221; css=&#8221;.vc_custom_1510996778859{padding-top: 73px !important;padding-bottom: 40px !important;}&#8221;][vc_column width=&#8221;1\/2&#8243; offset=&#8221;vc_col-lg-6 vc_col-md-6&#8243;][vc_separator type=&#8221;transparent&#8221; thickness=&#8221;0&#8243; up=&#8221;0&#8243; down=&#8221;4&#8243;][vc_single_image image=&#8221;403&#8243; img_size=&#8221;full&#8221; alignment=&#8221;right&#8221; qode_css_animation=&#8221;&#8221;][vc_separator type=&#8221;transparent&#8221; thickness=&#8221;0&#8243; up=&#8221;0&#8243; down=&#8221;28&#8243;][\/vc_column][vc_column width=&#8221;1\/2&#8243; offset=&#8221;vc_col-lg-6 vc_col-md-6&#8243; css=&#8221;.vc_custom_1457622051161{padding-right: 4% !important;}&#8221;][vc_column_text]<\/p>\n<h2>Nimet Aslan<\/h2>\n<p>[\/vc_column_text][vc_separator type=&#8221;small&#8221; position=&#8221;left&#8221;][vc_column_text]Bilkent \u00dcniversitesi Turizm \u0130\u015fletmecili\u011fi Otel Y\u00f6netimi, Lisans Diplomas\u0131<br \/>\nNimet ASLAN, mezuniyet sonras\u0131nda Crowne Plaza \u0130stanbul otelinde 1 y\u0131l boyunca, otelin t\u00fcm birimlerinde Management Trainee program\u0131n\u0131 tamamlad\u0131ktan sonra Crowne Plaza, IL-USA de Yiyecek &amp; \u0130\u00e7ecek M\u00fcd\u00fcr Yard\u0131mc\u0131s\u0131 olarak 1,5 y\u0131l \u00e7al\u0131\u015fm\u0131\u015ft\u0131r. M\u0130M Otel, Holiday Inn Bursa otelerinde Yiyecek &amp; \u0130\u00e7ecek M\u00fcd\u00fcrl\u00fc\u011f\u00fc g\u00f6revinden sonra Parkorman\u2019\u0131n t\u00fcm yiyecek ve i\u00e7ecek b\u00f6l\u00fcmlerinde operasyondan sorumlu y\u00f6netici olarak \u00e7al\u0131\u015fmaya ba\u015flam\u0131\u015ft\u0131r.<br \/>\n11 y\u0131ll\u0131k operasyon k\u00f6kenli otelcilik deneyiminden sonra KAFTAN\u2019da Kurucu Ortak olarak g\u00f6reve ba\u015flam\u0131\u015ft\u0131r.<br \/>\n[\/vc_column_text][vc_separator type=&#8221;transparent&#8221; thickness=&#8221;0&#8243; up=&#8221;0&#8243; down=&#8221;42&#8243;][\/vc_column][\/vc_row]<\/p>\n","protected":false},"excerpt":{"rendered":"<p>[vc_row row_type=&#8221;row&#8221; use_row_as_full_screen_section=&#8221;no&#8221; type=&#8221;grid&#8221; angled_section=&#8221;no&#8221; text_align=&#8221;left&#8221; background_image_as_pattern=&#8221;without_pattern&#8221; padding_top=&#8221;73&#8243; padding_bottom=&#8221;40&#8243; css_animation=&#8221;&#8221;][vc_column offset=&#8221;vc_col-lg-12 vc_col-md-12&#8243; css=&#8221;.vc_custom_1499865737062{padding-right: 4% !important;}&#8221;][vc_column_text]2007 Y\u0131l\u0131nda Ba\u015flayan Ser\u00fcven[\/vc_column_text][vc_separator type=&#8221;transparent&#8221; thickness=&#8221;0&#8243; up=&#8221;0&#8243; down=&#8221;35&#8243;][vc_column_text] 2007 y\u0131l\u0131ndan beri y\u00fcksek teknik bilgi ve tasar\u0131m yetene\u011fimizle m\u00fc\u015fterilerimizin hayallerini ger\u00e7ekle\u015ftiriyoruz. M\u00fc\u015fterilerimizin hayallerine ula\u015fmalar\u0131na yard\u0131m ederek biz de kendi hayallerimize ula\u015f\u0131yoruz. Kurucular\u0131m\u0131z&#8230;<\/p>\n","protected":false},"author":1,"featured_media":0,"parent":0,"menu_order":0,"comment_status":"closed","ping_status":"closed","template":"full_width.php","meta":[],"_links":{"self":[{"href":"http:\/\/kaftanorganizasyon.com\/index.php?rest_route=\/wp\/v2\/pages\/305"}],"collection":[{"href":"http:\/\/kaftanorganizasyon.com\/index.php?rest_route=\/wp\/v2\/pages"}],"about":[{"href":"http:\/\/kaftanorganizasyon.com\/index.php?rest_route=\/wp\/v2\/types\/page"}],"author":[{"embeddable":true,"href":"http:\/\/kaftanorganizasyon.com\/index.php?rest_route=\/wp\/v2\/users\/1"}],"replies":[{"embeddable":true,"href":"http:\/\/kaftanorganizasyon.com\/index.php?rest_route=%2Fwp%2Fv2%2Fcomments&post=305"}],"version-history":[{"count":20,"href":"http:\/\/kaftanorganizasyon.com\/index.php?rest_route=\/wp\/v2\/pages\/305\/revisions"}],"predecessor-version":[{"id":694,"href":"http:\/\/kaftanorganizasyon.com\/index.php?rest_route=\/wp\/v2\/pages\/305\/revisions\/694"}],"wp:attachment":[{"href":"http:\/\/kaftanorganizasyon.com\/index.php?rest_route=%2Fwp%2Fv2%2Fmedia&parent=305"}],"curies":[{"name":"wp","href":"https:\/\/api.w.org\/{rel}","templated":true}]}}